{"id":693,"date":"2024-05-09T23:22:43","date_gmt":"2024-05-09T23:22:43","guid":{"rendered":"https:\/\/gearx.vn\/?page_id=693"},"modified":"2024-05-11T00:12:34","modified_gmt":"2024-05-11T00:12:34","slug":"trang-chu","status":"publish","type":"page","link":"https:\/\/gearx.vn\/","title":{"rendered":"Trang ch\u1ee7"},"content":{"rendered":"\t\t<div data-elementor-type=\"wp-page\" data-elementor-id=\"693\" class=\"elementor elementor-693\" data-elementor-post-type=\"page\">\n\t\t\t\t<div class=\"elementor-element elementor-element-1b191eb e-con-full e-flex e-con e-parent\" data-id=\"1b191eb\" data-element_type=\"container\">\n\t\t<div class=\"elementor-element elementor-element-5b33f13 e-con-full e-flex e-con e-child\" data-id=\"5b33f13\" data-element_type=\"container\">\n\t\t\t\t<div class=\"elementor-element elementor-element-3f719f6 elementor-widget elementor-widget-heading\" data-id=\"3f719f6\" data-element_type=\"widget\" data-widget_type=\"heading.default\">\n\t\t\t\t<div class=\"elementor-widget-container\">\n\t\t\t<style>\/*! elementor - v3.23.0 - 05-08-2024 *\/\n.elementor-heading-title{padding:0;margin:0;line-height:1}.elementor-widget-heading .elementor-heading-title[class*=elementor-size-]>a{color:inherit;font-size:inherit;line-height:inherit}.elementor-widget-heading .elementor-heading-title.elementor-size-small{font-size:15px}.elementor-widget-heading .elementor-heading-title.elementor-size-medium{font-size:19px}.elementor-widget-heading .elementor-heading-title.elementor-size-large{font-size:29px}.elementor-widget-heading .elementor-heading-title.elementor-size-xl{font-size:39px}.elementor-widget-heading .elementor-heading-title.elementor-size-xxl{font-size:59px}<\/style><h2 class=\"elementor-heading-title elementor-size-default\">CH\u1eccN CH\u00daNG T\u00d4I\nCH\u1eccN AN T\u00c2M<\/h2>\t\t<\/div>\n\t\t\t\t<\/div>\n\t\t\t\t<div class=\"elementor-element elementor-element-1e4f68a elementor-widget elementor-widget-heading\" data-id=\"1e4f68a\" data-element_type=\"widget\" data-widget_type=\"heading.default\">\n\t\t\t\t<div class=\"elementor-widget-container\">\n\t\t\t<p class=\"elementor-heading-title elementor-size-default\">S\u1ea3n ph\u1ea9m nh\u1eadp kh\u1ea9u ch\u00ednh h\u00e3ng t\u1eeb c\u00e1c nh\u00e3n h\u00e0ng \u01b0u t\u00edn l\u00e2u \u0111\u1eddi \u0111\u01b0\u1ee3c nhi\u1ec1u ng\u01b0\u1eddi tin d\u00f9ng<\/p>\t\t<\/div>\n\t\t\t\t<\/div>\n\t\t\t\t<\/div>\n\t\t<div class=\"elementor-element elementor-element-09c5649 e-con-full e-flex e-con e-child\" data-id=\"09c5649\" data-element_type=\"container\">\n\t\t\t\t<div class=\"elementor-element elementor-element-50055ac elementor-widget elementor-widget-ucaddon_content_box_background_switcher\" data-id=\"50055ac\" data-element_type=\"widget\" data-widget_type=\"ucaddon_content_box_background_switcher.default\">\n\t\t\t\t<div class=\"elementor-widget-container\">\n\t\t\t<!-- start Background Switcher -->\n\t\t\t<style type=\"text\/css\">\/* widget: Background Switcher *\/\n\n#uc_content_box_background_switcher_elementor_50055ac *{\n\t-webkit-box-sizing: border-box;\n\t-moz-box-sizing: border-box;\n\tbox-sizing: border-box;\n}\n\n\n#uc_content_box_background_switcher_elementor_50055ac .ue-item-overlay\n{\n  position:absolute;\n  top:0;\n  left:0;\n  right:0;\n  bottom:0;\n  transition:0.3s;\n}\n\n\n#uc_content_box_background_switcher_elementor_50055ac .uc_hover_switcher_row{\n\tposition: relative;\n\twidth: 100%;\n\toverflow: hidden;\n\tdisplay: flex;\n    background: #000000;\n    direction:ltr;\n}\n#uc_content_box_background_switcher_elementor_50055ac .uc_hover_switcher_col{\n\tposition: relative;\n\tz-index: 2;\n    \n    \n          border-right-color:rgba(255, 255, 255, 0.4);\n      border-right-width:1px;\n      border-right-style:solid;\n        \t\n    flex:1;\n    overflow: hidden;\n}\n\n#uc_content_box_background_switcher_elementor_50055ac .uc_hover_switcher_content{\n\tdisplay: flex;\n\theight: 100%;\n\tflex-direction: column;\n\tjustify-content: flex-end;\n\tcolor: #fff;\n    text-align:left;\n    position:relative;\n}\n #uc_content_box_background_switcher_elementor_50055ac .uc_hover_switcher_title{\n\t\n\ttransition: 300ms;\n\n}\n\n.uc_hover_switcher_title\n{\n  font-size: 21px;\n}\n\n#uc_content_box_background_switcher_elementor_50055ac .uc_hover_switcher_link{\n\toverflow: hidden;\n\ttransform-origin: bottom;\n\ttransition: 300ms;\n    max-height: 0px;\n  \n}\n#uc_content_box_background_switcher_elementor_50055ac .uc_hover_switcher_col:hover .uc_hover_switcher_link{\n    max-height: 500px;\n\toverflow: visible;\n    transition: 300ms;\n}\n\n#uc_content_box_background_switcher_elementor_50055ac[data-remoteid] .uc_hover_switcher_col.uc_hover .uc_hover_switcher_link,\n#uc_content_box_background_switcher_elementor_50055ac[data-sync] .uc_hover_switcher_col.uc_hover .uc_hover_switcher_link{\n \tmax-height: 500px;\n\toverflow: visible;\n}\n\n#uc_content_box_background_switcher_elementor_50055ac .uc_hover_switcher_desc{\n\t\n}\n#uc_content_box_background_switcher_elementor_50055ac .uc_button{\n\t\n\tdisplay: inline-block;\n\ttext-decoration: none;\n    text-align:center;\n}\n\n#uc_content_box_background_switcher_elementor_50055ac .uc_background_img img {\n    width: 100% !important;\n    height: 100% !important;\n    object-fit: cover;\n}\n#uc_content_box_background_switcher_elementor_50055ac .uc_hover_switcher_overlay{\t\n\tposition: absolute;\n\ttop: 0;\n\tleft: 0;\n\theight: 100%;\n\twidth: 100%;\n\tz-index: 0;\n\toverflow: hidden;\n}\n#uc_content_box_background_switcher_elementor_50055ac .uc_hover_switcher_overlay{\n\tz-index: 1;\n}\n\n#uc_content_box_background_switcher_elementor_50055ac .uc_background_img{\n\tposition: absolute;\n  \n\ttop: 0;\n          left: 0;\n        \t\n\t\n\theight: 100%;\n\twidth: 100%;\n\tz-index: 0;\n\toverflow: hidden;\n\tvisibility: hidden;\n\topacity: 0;\n}\n\n#uc_content_box_background_switcher_elementor_50055ac .uc_hover_switcher_col + .uc_background_img{\n\ttransition-duration: 300ms;\n}\n\n#uc_content_box_background_switcher_elementor_50055ac .uc_hover_switcher_col.uc_hover + .uc_background_img{\n\ttransition-duration: 300ms;\n\topacity: 1;\n\tmargin: 0;\n\tvisibility: visible;\n\ttransform: scale(1.05);\n}\n\n#uc_content_box_background_switcher_elementor_50055ac .uc_hover_switcher_col:last-of-type{\n  \n        border-right: 0px;\n      \n  \t\n}\n\n@media screen and (max-width: 768px) {\n  \n  #uc_content_box_background_switcher_elementor_50055ac .uc_hover_switcher_row{\n\tdisplay: flex;\n  }\n}\n\n\n\n\n@media screen and (max-width: 768px) {  \n\t#uc_content_box_background_switcher_elementor_50055ac.uc_list_image_background_hover_switcher .uc_hover_switcher_col{      \n        flex:1 0 250px\n    }\n  \n  \t#uc_content_box_background_switcher_elementor_50055ac.uc_list_image_background_hover_switcher .uc_hover_switcher_row{ \n      overflow-x: auto;\n    }\t\n  \n  \t#uc_content_box_background_switcher_elementor_50055ac.uc_list_image_background_hover_switcher .uc_background_img {\n    \twidth: calc(250px * 3) !important;\n    }  \n}\n\n\n@media screen and (max-width: 767px) {\n  \n  \n}\n#uc_content_box_background_switcher_elementor_50055ac_item1{\n  object-position:right top;\n}\n\n\n@media screen and (max-width: 767px) {\n  }\n#uc_content_box_background_switcher_elementor_50055ac_item2{\n  object-position:left top;\n}\n\n\n@media screen and (max-width: 767px) {\n  }\n#uc_content_box_background_switcher_elementor_50055ac_item3{\n  object-position:left top;\n}\n\n\n@media screen and (max-width: 767px) {\n  }\n\n\n<\/style>\n\n\t\t\t<div class=\"uc_list_image_background_hover_switcher  \" id=\"uc_content_box_background_switcher_elementor_50055ac\"   data-first-selected=\"true\">\n\t<div class=\"uc_hover_switcher_row uc-items-wrapper\">\n\t\t<div class=\"uc_hover_switcher_col uc_hover_switcher_col-1\" id=\"uc_content_box_background_switcher_elementor_50055ac_item1\">\n  <div class=\"ue-item-overlay\"><\/div>\n  <div class=\"uc_hover_switcher_content\">\n                      <div class=\"uc_hover_switcher_title title_space\">KIT B\u1ea2O D\u01af\u1ee0NG<\/div>\n              <div class=\"uc_hover_switcher_link\">\n      <div class=\"uc_hover_switcher_desc\">T\u1ef1 tay ch\u0103m s\u00f3c v\u00e0 n\u00e2ng niu d\u1ebf c\u01b0ng c\u1ee7a b\u1ea1n.<\/div>            \t<a class=\"uc_button uc_more_btn\" href=\"#\" >\n                    \tChi Ti\u1ebft\n                \t<\/a>\n          <\/div>\n  <\/div>\n<\/div>\n\n<figure class=\"uc_background_img\">\n  <div class=\"uc_hover_switcher_overlay\"><\/div>\n  <img decoding=\"async\" src=\"\" alt=\"\" id=\"uc_content_box_background_switcher_elementor_50055ac_item1\">\n<\/figure>\n<div class=\"uc_hover_switcher_col uc_hover_switcher_col-2\" id=\"uc_content_box_background_switcher_elementor_50055ac_item2\">\n  <div class=\"ue-item-overlay\"><\/div>\n  <div class=\"uc_hover_switcher_content\">\n                      <div class=\"uc_hover_switcher_title title_space\">V\u1ece XE - L\u1ed0P XE<\/div>\n              <div class=\"uc_hover_switcher_link\">\n      <div class=\"uc_hover_switcher_desc\">Ch\u1ea5t l\u01b0\u1ee3ng lu\u00f4n lu\u00f4n h\u00e0ng \u0111\u1ea7u. \u0111\u1ea3m b\u1ea3o an to\u00e0n tr\u00ean nh\u1eefng cung \u0111\u01b0\u1eddng.<\/div>            \t<a class=\"uc_button uc_more_btn\" href=\"#\" >\n                    \tChi Ti\u1ebft\n                \t<\/a>\n          <\/div>\n  <\/div>\n<\/div>\n\n<figure class=\"uc_background_img\">\n  <div class=\"uc_hover_switcher_overlay\"><\/div>\n  <img decoding=\"async\" src=\"\" alt=\"\" id=\"uc_content_box_background_switcher_elementor_50055ac_item2\">\n<\/figure>\n<div class=\"uc_hover_switcher_col uc_hover_switcher_col-3\" id=\"uc_content_box_background_switcher_elementor_50055ac_item3\">\n  <div class=\"ue-item-overlay\"><\/div>\n  <div class=\"uc_hover_switcher_content\">\n                      <div class=\"uc_hover_switcher_title title_space\">PH\u1ee4 T\u00d9NG<\/div>\n              <div class=\"uc_hover_switcher_link\">\n      <div class=\"uc_hover_switcher_desc\">S\u1ea3n ph\u1ea9m nh\u1eadp kh\u1ea9u ch\u00ednh h\u00e3ng, ch\u1ea5t l\u01b0\u1ee3ng \u0111\u01b0\u1ee3c kh\u1eb3ng \u0111\u1ecbnh.<\/div>            \t<a class=\"uc_button uc_more_btn\" href=\"#\" >\n                    \tChi Ti\u1ebft\n                \t<\/a>\n          <\/div>\n  <\/div>\n<\/div>\n\n<figure class=\"uc_background_img\">\n  <div class=\"uc_hover_switcher_overlay\"><\/div>\n  <img decoding=\"async\" src=\"\" alt=\"\" id=\"uc_content_box_background_switcher_elementor_50055ac_item3\">\n<\/figure>\n\n\t<\/div>\n\t<div class=\"uc_hover_remote_container uc-items-wrapper2\">\n  \t\t<div class=\"uc_hover_remote_item\">\n  <div class=\"uc_hover_remote_segment\"><\/div>\n<\/div>\n<div class=\"uc_hover_remote_item\">\n  <div class=\"uc_hover_remote_segment\"><\/div>\n<\/div>\n<div class=\"uc_hover_remote_item\">\n  <div class=\"uc_hover_remote_segment\"><\/div>\n<\/div>\n\n  \t<\/div>\n<\/div>\n\t\t\t<!-- end Background Switcher -->\t\t<\/div>\n\t\t\t\t<\/div>\n\t\t\t\t<\/div>\n\t\t\t\t<\/div>\n\t\t<div class=\"elementor-element elementor-element-f22c939 e-flex e-con-boxed e-con e-parent\" data-id=\"f22c939\" data-element_type=\"container\">\n\t\t\t\t\t<div class=\"e-con-inner\">\n\t\t\t\t<div class=\"elementor-element elementor-element-9e361f4 elementor-headline--style-highlight elementor-widget elementor-widget-animated-headline\" data-id=\"9e361f4\" data-element_type=\"widget\" data-settings=\"{&quot;highlighted_text&quot;:&quot;K\\u1ebft n\\u1ed1i&quot;,&quot;headline_style&quot;:&quot;highlight&quot;,&quot;marker&quot;:&quot;circle&quot;,&quot;loop&quot;:&quot;yes&quot;,&quot;highlight_animation_duration&quot;:1200,&quot;highlight_iteration_delay&quot;:8000}\" data-widget_type=\"animated-headline.default\">\n\t\t\t\t<div class=\"elementor-widget-container\">\n\t\t\t<link rel=\"stylesheet\" href=\"https:\/\/gearx.vn\/wp-content\/plugins\/elementor-pro\/assets\/css\/widget-animated-headline.min.css?ver=1723505648\">\t\t<h3 class=\"elementor-headline\">\n\t\t\t\t<span class=\"elementor-headline-dynamic-wrapper elementor-headline-text-wrapper\">\n\t\t\t\t\t<span class=\"elementor-headline-dynamic-text elementor-headline-text-active\">K\u1ebft n\u1ed1i<\/span>\n\t\t\t\t<\/span>\n\t\t\t\t\t<span class=\"elementor-headline-plain-text elementor-headline-text-wrapper\"> \u0111\u1ec3 hi\u1ec3u nhau h\u01a1n<\/span>\n\t\t\t\t\t<\/h3>\n\t\t\t\t<\/div>\n\t\t\t\t<\/div>\n\t\t\t\t<div class=\"elementor-element elementor-element-be1dbd8 elementor-widget elementor-widget-ucaddon_3d_social_icon_buttons\" data-id=\"be1dbd8\" data-element_type=\"widget\" data-widget_type=\"ucaddon_3d_social_icon_buttons.default\">\n\t\t\t\t<div class=\"elementor-widget-container\">\n\t\t\t<!-- start 3d Social Icon Buttons -->\n\t\t<link id='font-awesome-css' href='https:\/\/gearx.vn\/wp-content\/plugins\/unlimited-elements-for-elementor-premium\/assets_libraries\/font-awesome5\/css\/fontawesome-all.min.css' type='text\/css' rel='stylesheet' >\n\t\t<link id='font-awesome-4-shim-css' href='https:\/\/gearx.vn\/wp-content\/plugins\/unlimited-elements-for-elementor-premium\/assets_libraries\/font-awesome5\/css\/fontawesome-v4-shims.css' type='text\/css' rel='stylesheet' >\n\t\t<link id='uc_ac_assets_file_uc_3d_social_media_buttons_css_3283-css' href='https:\/\/gearx.vn\/wp-content\/uploads\/ac_assets\/3d_social_media_buttons\/uc_3d_social_media_buttons.css' type='text\/css' rel='stylesheet' >\n\n\n\t\t\t<div class=\"uc_3d_social_media_buttons\"> \n        <div class=\"uc_3d_social-icon\">\n            <ul>\n               <li><a href=\"https:\/\/www.facebook.com\/stpt99\" class=\"uc_twitter-small\" style=\"background-color:#2414ff; box-shadow: 0 6px 0 #052d99;\" ><i class=\"fab fa-facebook-f\" aria-hidden=\"true\"><\/i><\/a><\/li>\n<li><a href=\"https:\/\/www.youtube.com\/@stpt99\" class=\"uc_twitter-small\" style=\"background-color:#FF0000; box-shadow: 0 6px 0 #9B0000;\" ><i class=\"fab fa-youtube\" aria-hidden=\"true\"><\/i><\/a><\/li>\n<li><a href=\"https:\/\/www.instagram.com\/stpt99\" class=\"uc_twitter-small\" style=\"background-color:#FF00F3; box-shadow: 0 6px 0 #9E008A;\" ><i class=\"fab fa-instagram\" aria-hidden=\"true\"><\/i><\/a><\/li>\n<li><a href=\"https:\/\/www.tiktok.com\/@stpt99\" class=\"uc_twitter-small\" style=\"background-color:#000000; box-shadow: 0 6px 0 #000405;\" ><i class=\"fab fa-tiktok\" aria-hidden=\"true\"><\/i><\/a><\/li>\n \n\t\t\t<\/ul>\n\t\t<\/div>\n    <\/div>\n\t\t\t<!-- end 3d Social Icon Buttons -->\t\t<\/div>\n\t\t\t\t<\/div>\n\t\t\t\t\t<\/div>\n\t\t\t\t<\/div>\n\t\t\t\t<\/div>\n\t\t","protected":false},"excerpt":{"rendered":"<p>CH\u1eccN CH\u00daNG T\u00d4I CH\u1eccN AN T\u00c2M S\u1ea3n ph\u1ea9m nh\u1eadp kh\u1ea9u ch\u00ednh h\u00e3ng t\u1eeb c\u00e1c nh\u00e3n h\u00e0ng \u01b0u t\u00edn l\u00e2u \u0111\u1eddi \u0111\u01b0\u1ee3c nhi\u1ec1u ng\u01b0\u1eddi tin d\u00f9ng KIT B\u1ea2O D\u01af\u1ee0NG T\u1ef1 tay ch\u0103m s\u00f3c v\u00e0 n\u00e2ng niu d\u1ebf c\u01b0ng c\u1ee7a b\u1ea1n. Chi Ti\u1ebft V\u1ece XE &#8211; L\u1ed0P XE Ch\u1ea5t l\u01b0\u1ee3ng lu\u00f4n lu\u00f4n h\u00e0ng \u0111\u1ea7u. \u0111\u1ea3m b\u1ea3o an [&hellip;]<\/p>\n","protected":false},"author":1,"featured_media":0,"parent":0,"menu_order":0,"comment_status":"closed","ping_status":"closed","template":"","meta":{"footnotes":""},"class_list":["post-693","page","type-page","status-publish","hentry"],"_links":{"self":[{"href":"https:\/\/gearx.vn\/index.php\/wp-json\/wp\/v2\/pages\/693","targetHints":{"allow":["GET"]}}],"collection":[{"href":"https:\/\/gearx.vn\/index.php\/wp-json\/wp\/v2\/pages"}],"about":[{"href":"https:\/\/gearx.vn\/index.php\/wp-json\/wp\/v2\/types\/page"}],"author":[{"embeddable":true,"href":"https:\/\/gearx.vn\/index.php\/wp-json\/wp\/v2\/users\/1"}],"replies":[{"embeddable":true,"href":"https:\/\/gearx.vn\/index.php\/wp-json\/wp\/v2\/comments?post=693"}],"version-history":[{"count":10,"href":"https:\/\/gearx.vn\/index.php\/wp-json\/wp\/v2\/pages\/693\/revisions"}],"predecessor-version":[{"id":713,"href":"https:\/\/gearx.vn\/index.php\/wp-json\/wp\/v2\/pages\/693\/revisions\/713"}],"wp:attachment":[{"href":"https:\/\/gearx.vn\/index.php\/wp-json\/wp\/v2\/media?parent=693"}],"curies":[{"name":"wp","href":"https:\/\/api.w.org\/{rel}","templated":true}]}}