{"id":16824,"date":"2026-04-19T10:07:19","date_gmt":"2026-04-19T10:07:19","guid":{"rendered":"https:\/\/gearx.vn\/index.php\/san-pham\/son-xit-samurai-kurobushi-mau-xanh-tim-dam-xanh-gp-y3973-400ml\/"},"modified":"2026-04-19T10:07:20","modified_gmt":"2026-04-19T10:07:20","slug":"son-xit-samurai-kurobushi-mau-xanh-tim-dam-xanh-gp-y3973-400ml","status":"publish","type":"product","link":"https:\/\/gearx.vn\/index.php\/san-pham\/son-xit-samurai-kurobushi-mau-xanh-tim-dam-xanh-gp-y3973-400ml\/","title":{"rendered":"S\u01a1n x\u1ecbt Samurai Kurobushi &#8211; M\u00c0U XANH T\u00cdM \u0110\u1eacM &#8211; XANH GP Y3973 (400ml)"},"content":{"rendered":"","protected":false},"excerpt":{"rendered":"","protected":false},"featured_media":16823,"comment_status":"open","ping_status":"closed","template":"","meta":[],"product_brand":[],"product_cat":[534,540],"product_tag":[],"class_list":{"0":"post-16824","1":"product","2":"type-product","3":"status-publish","4":"has-post-thumbnail","6":"product_cat-mau-xe-may","7":"product_cat-xi-son-xit-o-to-xe-may","9":"first","10":"outofstock","11":"shipping-taxable","12":"purchasable","13":"product-type-simple"},"_links":{"self":[{"href":"https:\/\/gearx.vn\/index.php\/wp-json\/wp\/v2\/product\/16824","targetHints":{"allow":["GET"]}}],"collection":[{"href":"https:\/\/gearx.vn\/index.php\/wp-json\/wp\/v2\/product"}],"about":[{"href":"https:\/\/gearx.vn\/index.php\/wp-json\/wp\/v2\/types\/product"}],"replies":[{"embeddable":true,"href":"https:\/\/gearx.vn\/index.php\/wp-json\/wp\/v2\/comments?post=16824"}],"wp:featuredmedia":[{"embeddable":true,"href":"https:\/\/gearx.vn\/index.php\/wp-json\/wp\/v2\/media\/16823"}],"wp:attachment":[{"href":"https:\/\/gearx.vn\/index.php\/wp-json\/wp\/v2\/media?parent=16824"}],"wp:term":[{"taxonomy":"product_brand","embeddable":true,"href":"https:\/\/gearx.vn\/index.php\/wp-json\/wp\/v2\/product_brand?post=16824"},{"taxonomy":"product_cat","embeddable":true,"href":"https:\/\/gearx.vn\/index.php\/wp-json\/wp\/v2\/product_cat?post=16824"},{"taxonomy":"product_tag","embeddable":true,"href":"https:\/\/gearx.vn\/index.php\/wp-json\/wp\/v2\/product_tag?post=16824"}],"curies":[{"name":"wp","href":"https:\/\/api.w.org\/{rel}","templated":true}]}}